{"id":102,"date":"2022-05-05T10:18:48","date_gmt":"2022-05-05T08:18:48","guid":{"rendered":"https:\/\/www.petitkohlberg.com\/?page_id=102"},"modified":"2022-06-23T11:46:58","modified_gmt":"2022-06-23T09:46:58","slug":"news","status":"publish","type":"page","link":"https:\/\/www.petitkohlberg.com\/en\/actualites\/","title":{"rendered":"News"},"content":{"rendered":"\t\t<div data-elementor-type=\"wp-page\" data-elementor-id=\"102\" class=\"elementor elementor-102\" data-elementor-post-type=\"page\">\n\t\t\t\t\t\t<section class=\"ob-is-breaking-bad elementor-section elementor-top-section elementor-element elementor-element-aae24a6 elementor-section-full_width elementor-section-height-min-height elementor-section-content-middle elementor-section-height-default elementor-section-items-middle\" data-id=\"aae24a6\" data-element_type=\"section\" data-e-type=\"section\" data-settings=\"{&quot;background_background&quot;:&quot;slideshow&quot;,&quot;background_slideshow_gallery&quot;:[{&quot;id&quot;:1402,&quot;url&quot;:&quot;https:\\\/\\\/www.petitkohlberg.com\\\/wp-content\\\/uploads\\\/2022\\\/06\\\/web_hotel_le_petit_kohlberg_lucelle_alsace_0017_exterieurs1.jpg&quot;}],&quot;background_slideshow_slide_duration&quot;:3000,&quot;_ob_bbad_use_it&quot;:&quot;yes&quot;,&quot;_ob_bbad_sssic_use&quot;:&quot;no&quot;,&quot;_ob_glider_is_slider&quot;:&quot;no&quot;,&quot;background_slideshow_loop&quot;:&quot;yes&quot;,&quot;background_slideshow_slide_transition&quot;:&quot;fade&quot;,&quot;background_slideshow_transition_duration&quot;:500}\">\n\t\t\t\t\t\t<div class=\"elementor-container elementor-column-gap-default\">\n\t\t\t\t\t<div class=\"elementor-column elementor-col-100 elementor-top-column elementor-element elementor-element-cb05a84\" data-id=\"cb05a84\" data-element_type=\"column\" data-e-type=\"column\" data-settings=\"{&quot;_ob_bbad_is_stalker&quot;:&quot;no&quot;,&quot;_ob_teleporter_use&quot;:false,&quot;_ob_column_hoveranimator&quot;:&quot;no&quot;,&quot;_ob_column_has_pseudo&quot;:&quot;no&quot;}\">\n\t\t\t<div class=\"elementor-widget-wrap elementor-element-populated\">\n\t\t\t\t\t\t<div class=\"elementor-element elementor-element-179e46e ob-harakiri-inherit ob-has-background-overlay elementor-widget elementor-widget-heading\" data-id=\"179e46e\" data-element_type=\"widget\" data-e-type=\"widget\" data-settings=\"{&quot;_ob_use_harakiri&quot;:&quot;yes&quot;,&quot;_ob_harakiri_writing_mode&quot;:&quot;inherit&quot;,&quot;_ob_harakiri_text_clip&quot;:&quot;none&quot;,&quot;_ob_perspektive_use&quot;:&quot;no&quot;,&quot;_ob_poopart_use&quot;:&quot;yes&quot;,&quot;_ob_shadough_use&quot;:&quot;no&quot;,&quot;_ob_allow_hoveranimator&quot;:&quot;no&quot;,&quot;_ob_widget_stalker_use&quot;:&quot;no&quot;}\" data-widget_type=\"heading.default\">\n\t\t\t\t<div class=\"elementor-widget-container\">\n\t\t\t\t\t<h1 class=\"elementor-heading-title elementor-size-default\">Actualit\u00e9s<\/h1>\t\t\t\t<\/div>\n\t\t\t\t<\/div>\n\t\t\t\t\t<\/div>\n\t\t<\/div>\n\t\t\t\t\t<\/div>\n\t\t<\/section>\n\t\t\t\t<section class=\"ob-is-breaking-bad elementor-section elementor-top-section elementor-element elementor-element-6495d1d0 elementor-section-height-min-height elementor-section-boxed elementor-section-height-default elementor-section-items-middle\" data-id=\"6495d1d0\" data-element_type=\"section\" data-e-type=\"section\" data-settings=\"{&quot;background_background&quot;:&quot;classic&quot;,&quot;_ob_bbad_use_it&quot;:&quot;yes&quot;,&quot;_ob_bbad_sssic_use&quot;:&quot;no&quot;,&quot;_ob_glider_is_slider&quot;:&quot;no&quot;}\">\n\t\t\t\t\t\t\t<div class=\"elementor-background-overlay\"><\/div>\n\t\t\t\t\t\t\t<div class=\"elementor-container elementor-column-gap-no\">\n\t\t\t\t\t<div class=\"elementor-column elementor-col-100 elementor-top-column elementor-element elementor-element-4a1eed0b col-texte-intro\" data-id=\"4a1eed0b\" data-element_type=\"column\" data-e-type=\"column\" data-settings=\"{&quot;background_background&quot;:&quot;classic&quot;,&quot;_ob_bbad_is_stalker&quot;:&quot;no&quot;,&quot;_ob_teleporter_use&quot;:false,&quot;_ob_column_hoveranimator&quot;:&quot;no&quot;,&quot;_ob_column_has_pseudo&quot;:&quot;no&quot;}\">\n\t\t\t<div class=\"elementor-widget-wrap elementor-element-populated\">\n\t\t\t\t\t\t<div class=\"elementor-element elementor-element-fc4e452 ob-harakiri-inherit ob-has-background-overlay elementor-widget elementor-widget-heading\" data-id=\"fc4e452\" data-element_type=\"widget\" data-e-type=\"widget\" data-settings=\"{&quot;_ob_use_harakiri&quot;:&quot;yes&quot;,&quot;_ob_harakiri_writing_mode&quot;:&quot;inherit&quot;,&quot;_ob_harakiri_text_clip&quot;:&quot;none&quot;,&quot;_ob_perspektive_use&quot;:&quot;no&quot;,&quot;_ob_poopart_use&quot;:&quot;yes&quot;,&quot;_ob_shadough_use&quot;:&quot;no&quot;,&quot;_ob_allow_hoveranimator&quot;:&quot;no&quot;,&quot;_ob_widget_stalker_use&quot;:&quot;no&quot;}\" data-widget_type=\"heading.default\">\n\t\t\t\t<div class=\"elementor-widget-container\">\n\t\t\t\t\t<h2 class=\"elementor-heading-title elementor-size-default\">Actualit\u00e9s du Petit Kohlberg<\/h2>\t\t\t\t<\/div>\n\t\t\t\t<\/div>\n\t\t\t\t<div class=\"elementor-element elementor-element-d86f918 elementor-widget-divider--view-line ob-has-background-overlay elementor-widget elementor-widget-divider\" data-id=\"d86f918\" data-element_type=\"widget\" data-e-type=\"widget\" data-settings=\"{&quot;_ob_perspektive_use&quot;:&quot;no&quot;,&quot;_ob_poopart_use&quot;:&quot;yes&quot;,&quot;_ob_shadough_use&quot;:&quot;no&quot;,&quot;_ob_allow_hoveranimator&quot;:&quot;no&quot;,&quot;_ob_widget_stalker_use&quot;:&quot;no&quot;}\" data-widget_type=\"divider.default\">\n\t\t\t\t<div class=\"elementor-widget-container\">\n\t\t\t\t\t\t\t<div class=\"elementor-divider\">\n\t\t\t<span class=\"elementor-divider-separator\">\n\t\t\t\t\t\t<\/span>\n\t\t<\/div>\n\t\t\t\t\t\t<\/div>\n\t\t\t\t<\/div>\n\t\t\t\t<div class=\"elementor-element elementor-element-38e7418d elementor-grid-3 elementor-grid-tablet-2 elementor-grid-mobile-1 elementor-posts--thumbnail-top elementor-card-shadow-yes elementor-posts__hover-gradient ob-has-background-overlay elementor-widget elementor-widget-posts\" data-id=\"38e7418d\" data-element_type=\"widget\" data-e-type=\"widget\" data-settings=\"{&quot;cards_columns&quot;:&quot;3&quot;,&quot;cards_columns_tablet&quot;:&quot;2&quot;,&quot;cards_columns_mobile&quot;:&quot;1&quot;,&quot;cards_row_gap&quot;:{&quot;unit&quot;:&quot;px&quot;,&quot;size&quot;:35,&quot;sizes&quot;:[]},&quot;cards_row_gap_tablet&quot;:{&quot;unit&quot;:&quot;px&quot;,&quot;size&quot;:&quot;&quot;,&quot;sizes&quot;:[]},&quot;cards_row_gap_mobile&quot;:{&quot;unit&quot;:&quot;px&quot;,&quot;size&quot;:&quot;&quot;,&quot;sizes&quot;:[]},&quot;_ob_perspektive_use&quot;:&quot;no&quot;,&quot;_ob_poopart_use&quot;:&quot;yes&quot;,&quot;_ob_shadough_use&quot;:&quot;no&quot;,&quot;_ob_allow_hoveranimator&quot;:&quot;no&quot;,&quot;_ob_widget_stalker_use&quot;:&quot;no&quot;}\" data-widget_type=\"posts.cards\">\n\t\t\t\t<div class=\"elementor-widget-container\">\n\t\t\t\t\t\t\t<div class=\"elementor-posts-container elementor-posts elementor-posts--skin-cards elementor-grid\" role=\"list\">\n\t\t\t\t<article class=\"elementor-post elementor-grid-item post-4663 post type-post status-publish format-standard has-post-thumbnail hentry category-uncategorized\" role=\"listitem\">\n\t\t\t<div class=\"elementor-post__card\">\n\t\t\t\t<a class=\"elementor-post__thumbnail__link\" href=\"https:\/\/www.petitkohlberg.com\/en\/les-soirees-et-animations-2026\/\" tabindex=\"-1\" ><div class=\"elementor-post__thumbnail\"><img fetchpriority=\"high\" decoding=\"async\" width=\"225\" height=\"300\" src=\"https:\/\/www.petitkohlberg.com\/wp-content\/uploads\/2026\/03\/soiree-montagnarde1-225x300.jpg\" class=\"attachment-medium size-medium wp-image-4664\" alt=\"\" srcset=\"https:\/\/www.petitkohlberg.com\/wp-content\/uploads\/2026\/03\/soiree-montagnarde1-225x300.jpg 225w, https:\/\/www.petitkohlberg.com\/wp-content\/uploads\/2026\/03\/soiree-montagnarde1-768x1024.jpg 768w, https:\/\/www.petitkohlberg.com\/wp-content\/uploads\/2026\/03\/soiree-montagnarde1-1152x1536.jpg 1152w, https:\/\/www.petitkohlberg.com\/wp-content\/uploads\/2026\/03\/soiree-montagnarde1-9x12.jpg 9w, https:\/\/www.petitkohlberg.com\/wp-content\/uploads\/2026\/03\/soiree-montagnarde1.jpg 1536w\" sizes=\"(max-width: 225px) 100vw, 225px\" title=\"Photo -\"><\/div><\/a>\n\t\t\t\t<div class=\"elementor-post__text\">\n\t\t\t\t<h3 class=\"elementor-post__title\">\n\t\t\t<a href=\"https:\/\/www.petitkohlberg.com\/en\/les-soirees-et-animations-2026\/\" >\n\t\t\t\tLes Soir\u00e9es et Animations 2026\t\t\t<\/a>\n\t\t<\/h3>\n\t\t\t\t<div class=\"elementor-post__excerpt\">\n\t\t\t<p>Nous sommes \u00e0 votre disposition pour tout renseignement ou pour toute r\u00e9servation au 03.89.40.85.30 ou par mail info@petitkohlberg.com\u00a0 SOIREES 2026<\/p>\n\t\t<\/div>\n\t\t\t\t<\/div>\n\t\t\t\t\t<\/div>\n\t\t<\/article>\n\t\t\t\t<article class=\"elementor-post elementor-grid-item post-4655 post type-post status-publish format-standard has-post-thumbnail hentry category-uncategorized\" role=\"listitem\">\n\t\t\t<div class=\"elementor-post__card\">\n\t\t\t\t<a class=\"elementor-post__thumbnail__link\" href=\"https:\/\/www.petitkohlberg.com\/en\/une-belle-performance-pour-notre-apprentie-camille\/\" tabindex=\"-1\" ><div class=\"elementor-post__thumbnail\"><img decoding=\"async\" width=\"239\" height=\"300\" src=\"https:\/\/www.petitkohlberg.com\/wp-content\/uploads\/2026\/03\/Camille1-239x300.jpg\" class=\"attachment-medium size-medium wp-image-4661\" alt=\"\" srcset=\"https:\/\/www.petitkohlberg.com\/wp-content\/uploads\/2026\/03\/Camille1-239x300.jpg 239w, https:\/\/www.petitkohlberg.com\/wp-content\/uploads\/2026\/03\/Camille1-817x1024.jpg 817w, https:\/\/www.petitkohlberg.com\/wp-content\/uploads\/2026\/03\/Camille1-768x963.jpg 768w, https:\/\/www.petitkohlberg.com\/wp-content\/uploads\/2026\/03\/Camille1-10x12.jpg 10w, https:\/\/www.petitkohlberg.com\/wp-content\/uploads\/2026\/03\/Camille1.jpg 1021w\" sizes=\"(max-width: 239px) 100vw, 239px\" title=\"Photo -\"><\/div><\/a>\n\t\t\t\t<div class=\"elementor-post__text\">\n\t\t\t\t<h3 class=\"elementor-post__title\">\n\t\t\t<a href=\"https:\/\/www.petitkohlberg.com\/en\/une-belle-performance-pour-notre-apprentie-camille\/\" >\n\t\t\t\tUne belle performance pour notre apprentie Camille\t\t\t<\/a>\n\t\t<\/h3>\n\t\t\t\t<div class=\"elementor-post__excerpt\">\n\t\t\t<p>Nous sommes fiers de mettre \u00e0 l\u2019honneur Camille Gasser, apprentie en 2\u1d49 ann\u00e9e de CAP Commercialisation et Services en Restauration au sein de notre \u00e9tablissement<\/p>\n\t\t<\/div>\n\t\t\t\t<\/div>\n\t\t\t\t\t<\/div>\n\t\t<\/article>\n\t\t\t\t<article class=\"elementor-post elementor-grid-item post-4330 post type-post status-publish format-standard has-post-thumbnail hentry category-uncategorized\" role=\"listitem\">\n\t\t\t<div class=\"elementor-post__card\">\n\t\t\t\t<a class=\"elementor-post__thumbnail__link\" href=\"https:\/\/www.petitkohlberg.com\/en\/offre-demploi-pour-un-poste-de-serveur\/\" tabindex=\"-1\" ><div class=\"elementor-post__thumbnail\"><img decoding=\"async\" width=\"300\" height=\"225\" src=\"https:\/\/www.petitkohlberg.com\/wp-content\/uploads\/2022\/06\/Restaurant-Stuba-300x225.jpg\" class=\"attachment-medium size-medium wp-image-2668\" alt=\"\" srcset=\"https:\/\/www.petitkohlberg.com\/wp-content\/uploads\/2022\/06\/Restaurant-Stuba-300x225.jpg 300w, https:\/\/www.petitkohlberg.com\/wp-content\/uploads\/2022\/06\/Restaurant-Stuba-1024x768.jpg 1024w, https:\/\/www.petitkohlberg.com\/wp-content\/uploads\/2022\/06\/Restaurant-Stuba-768x576.jpg 768w, https:\/\/www.petitkohlberg.com\/wp-content\/uploads\/2022\/06\/Restaurant-Stuba-1536x1152.jpg 1536w, https:\/\/www.petitkohlberg.com\/wp-content\/uploads\/2022\/06\/Restaurant-Stuba-2048x1536.jpg 2048w, https:\/\/www.petitkohlberg.com\/wp-content\/uploads\/2022\/06\/Restaurant-Stuba-16x12.jpg 16w\" sizes=\"(max-width: 300px) 100vw, 300px\" title=\"Photo -\"><\/div><\/a>\n\t\t\t\t<div class=\"elementor-post__text\">\n\t\t\t\t<h3 class=\"elementor-post__title\">\n\t\t\t<a href=\"https:\/\/www.petitkohlberg.com\/en\/offre-demploi-pour-un-poste-de-serveur\/\" >\n\t\t\t\tOffre d&#8217;emploi pour un poste de serveur(se)\t\t\t<\/a>\n\t\t<\/h3>\n\t\t\t\t<div class=\"elementor-post__excerpt\">\n\t\t\t<p>Nous sommes \u00e0 la recherche d&rsquo;un(e) serveur(se)<\/p>\n\t\t<\/div>\n\t\t\t\t<\/div>\n\t\t\t\t\t<\/div>\n\t\t<\/article>\n\t\t\t\t<article class=\"elementor-post elementor-grid-item post-3311 post type-post status-publish format-standard has-post-thumbnail hentry category-uncategorized\" role=\"listitem\">\n\t\t\t<div class=\"elementor-post__card\">\n\t\t\t\t<a class=\"elementor-post__thumbnail__link\" href=\"https:\/\/www.petitkohlberg.com\/en\/reportages-televises\/\" tabindex=\"-1\" ><div class=\"elementor-post__thumbnail\"><img loading=\"lazy\" decoding=\"async\" width=\"300\" height=\"166\" src=\"https:\/\/www.petitkohlberg.com\/wp-content\/uploads\/2022\/10\/Vaches-reportage-F3-300x166.jpg\" class=\"attachment-medium size-medium wp-image-3323\" alt=\"\" srcset=\"https:\/\/www.petitkohlberg.com\/wp-content\/uploads\/2022\/10\/Vaches-reportage-F3-300x166.jpg 300w, https:\/\/www.petitkohlberg.com\/wp-content\/uploads\/2022\/10\/Vaches-reportage-F3-768x425.jpg 768w, https:\/\/www.petitkohlberg.com\/wp-content\/uploads\/2022\/10\/Vaches-reportage-F3-18x10.jpg 18w, https:\/\/www.petitkohlberg.com\/wp-content\/uploads\/2022\/10\/Vaches-reportage-F3.jpg 828w\" sizes=\"(max-width: 300px) 100vw, 300px\" title=\"Photo -\"><\/div><\/a>\n\t\t\t\t<div class=\"elementor-post__text\">\n\t\t\t\t<h3 class=\"elementor-post__title\">\n\t\t\t<a href=\"https:\/\/www.petitkohlberg.com\/en\/reportages-televises\/\" >\n\t\t\t\tReportages t\u00e9l\u00e9vis\u00e9s\t\t\t<\/a>\n\t\t<\/h3>\n\t\t\t\t<div class=\"elementor-post__excerpt\">\n\t\t\t<p>Un reportage consacr\u00e9 \u00e0 notre restaurant, \u00e0 nos vaches de race highland et \u00e0 notre collaboration agriculteur-apiculteur, a \u00e9t\u00e9 diffus\u00e9 au JT 19\/20 de France3<\/p>\n\t\t<\/div>\n\t\t\t\t<\/div>\n\t\t\t\t\t<\/div>\n\t\t<\/article>\n\t\t\t\t<article class=\"elementor-post elementor-grid-item post-2625 post type-post status-publish format-standard has-post-thumbnail hentry category-uncategorized\" role=\"listitem\">\n\t\t\t<div class=\"elementor-post__card\">\n\t\t\t\t<a class=\"elementor-post__thumbnail__link\" href=\"https:\/\/www.petitkohlberg.com\/en\/location-de-vtt-et-vtt-electriques\/\" tabindex=\"-1\" ><div class=\"elementor-post__thumbnail\"><img loading=\"lazy\" decoding=\"async\" width=\"300\" height=\"169\" src=\"https:\/\/www.petitkohlberg.com\/wp-content\/uploads\/2022\/06\/iStock-520411467-300x169.jpg\" class=\"attachment-medium size-medium wp-image-2626\" alt=\"\" srcset=\"https:\/\/www.petitkohlberg.com\/wp-content\/uploads\/2022\/06\/iStock-520411467-300x169.jpg 300w, https:\/\/www.petitkohlberg.com\/wp-content\/uploads\/2022\/06\/iStock-520411467-1024x576.jpg 1024w, https:\/\/www.petitkohlberg.com\/wp-content\/uploads\/2022\/06\/iStock-520411467-768x432.jpg 768w, https:\/\/www.petitkohlberg.com\/wp-content\/uploads\/2022\/06\/iStock-520411467-18x10.jpg 18w, https:\/\/www.petitkohlberg.com\/wp-content\/uploads\/2022\/06\/iStock-520411467.jpg 1365w\" sizes=\"(max-width: 300px) 100vw, 300px\" title=\"Photo -\"><\/div><\/a>\n\t\t\t\t<div class=\"elementor-post__text\">\n\t\t\t\t<h3 class=\"elementor-post__title\">\n\t\t\t<a href=\"https:\/\/www.petitkohlberg.com\/en\/location-de-vtt-et-vtt-electriques\/\" >\n\t\t\t\tLocation de VTT et VTT \u00e9lectriques\t\t\t<\/a>\n\t\t<\/h3>\n\t\t\t\t<div class=\"elementor-post__excerpt\">\n\t\t\t<p>Nous vous proposons la location d&rsquo;une trentaine de VTT et de 2 VTT \u00e9lectriques, au d\u00e9part de l&rsquo;h\u00f4tel et vous fournirons des cartes de circuits<\/p>\n\t\t<\/div>\n\t\t\t\t<\/div>\n\t\t\t\t\t<\/div>\n\t\t<\/article>\n\t\t\t\t<\/div>\n\t\t\n\t\t\t\t\t\t<\/div>\n\t\t\t\t<\/div>\n\t\t\t\t\t<\/div>\n\t\t<\/div>\n\t\t\t\t\t<\/div>\n\t\t<\/section>\n\t\t\t\t<\/div>\n\t\t","protected":false},"excerpt":{"rendered":"<p>News from the Little Kohlberg<\/p>","protected":false},"author":5,"featured_media":0,"parent":0,"menu_order":0,"comment_status":"closed","ping_status":"closed","template":"","meta":{"inline_featured_image":false,"footnotes":""},"class_list":["post-102","page","type-page","status-publish","hentry"],"_links":{"self":[{"href":"https:\/\/www.petitkohlberg.com\/en\/wp-json\/wp\/v2\/pages\/102","targetHints":{"allow":["GET"]}}],"collection":[{"href":"https:\/\/www.petitkohlberg.com\/en\/wp-json\/wp\/v2\/pages"}],"about":[{"href":"https:\/\/www.petitkohlberg.com\/en\/wp-json\/wp\/v2\/types\/page"}],"author":[{"embeddable":true,"href":"https:\/\/www.petitkohlberg.com\/en\/wp-json\/wp\/v2\/users\/5"}],"replies":[{"embeddable":true,"href":"https:\/\/www.petitkohlberg.com\/en\/wp-json\/wp\/v2\/comments?post=102"}],"version-history":[{"count":16,"href":"https:\/\/www.petitkohlberg.com\/en\/wp-json\/wp\/v2\/pages\/102\/revisions"}],"predecessor-version":[{"id":2942,"href":"https:\/\/www.petitkohlberg.com\/en\/wp-json\/wp\/v2\/pages\/102\/revisions\/2942"}],"wp:attachment":[{"href":"https:\/\/www.petitkohlberg.com\/en\/wp-json\/wp\/v2\/media?parent=102"}],"curies":[{"name":"wp","href":"https:\/\/api.w.org\/{rel}","templated":true}]}}